{"id":40,"date":"2025-01-20T15:29:02","date_gmt":"2025-01-20T15:29:02","guid":{"rendered":"https:\/\/nomad-movement.com\/?page_id=40"},"modified":"2025-03-03T15:10:32","modified_gmt":"2025-03-03T15:10:32","slug":"about-us","status":"publish","type":"page","link":"https:\/\/nomad-movement.com\/es\/about-us\/","title":{"rendered":"SOBRE NOSOTROS"},"content":{"rendered":"<div data-elementor-type=\"wp-page\" data-elementor-id=\"40\" class=\"elementor elementor-40\" data-elementor-post-type=\"page\">\n\t\t\t\t<div class=\"elementor-element elementor-element-e406790 e-con-full e-flex e-con e-parent\" data-id=\"e406790\" data-element_type=\"container\" data-settings=\"{&quot;background_background&quot;:&quot;classic&quot;}\">\n\t\t<div class=\"elementor-element elementor-element-f472e8e e-con-full e-flex e-con e-child\" data-id=\"f472e8e\" data-element_type=\"container\">\n\t\t<div class=\"elementor-element elementor-element-ec5303f e-con-full e-flex e-con e-child\" data-id=\"ec5303f\" data-element_type=\"container\">\n\t\t\t\t<div class=\"elementor-element elementor-element-030c883 elementor-widget elementor-widget-image\" data-id=\"030c883\" data-element_type=\"widget\" data-widget_type=\"image.default\">\n\t\t\t\t<div class=\"elementor-widget-container\">\n\t\t\t\t\t\t\t\t\t\t\t\t\t\t\t<img fetchpriority=\"high\" decoding=\"async\" width=\"769\" height=\"1024\" src=\"https:\/\/nomad-movement.com\/wp-content\/uploads\/2025\/02\/NMovement41-769x1024.jpg\" class=\"attachment-large size-large wp-image-830\" alt=\"\" srcset=\"https:\/\/nomad-movement.com\/wp-content\/uploads\/2025\/02\/NMovement41-769x1024.jpg 769w, https:\/\/nomad-movement.com\/wp-content\/uploads\/2025\/02\/NMovement41-225x300.jpg 225w, https:\/\/nomad-movement.com\/wp-content\/uploads\/2025\/02\/NMovement41-768x1023.jpg 768w, https:\/\/nomad-movement.com\/wp-content\/uploads\/2025\/02\/NMovement41-1153x1536.jpg 1153w, https:\/\/nomad-movement.com\/wp-content\/uploads\/2025\/02\/NMovement41.jpg 1500w\" sizes=\"(max-width: 769px) 100vw, 769px\" \/>\t\t\t\t\t\t\t\t\t\t\t\t\t\t\t<\/div>\n\t\t\t\t<\/div>\n\t\t\t\t<\/div>\n\t\t<div class=\"elementor-element elementor-element-f74b003 e-con-full e-flex e-con e-child\" data-id=\"f74b003\" data-element_type=\"container\">\n\t\t\t\t<div class=\"elementor-element elementor-element-5f01c75 elementor-widget elementor-widget-heading\" data-id=\"5f01c75\" data-element_type=\"widget\" data-widget_type=\"heading.default\">\n\t\t\t\t<div class=\"elementor-widget-container\">\n\t\t\t\t\t<h3 class=\"elementor-heading-title elementor-size-default\">CONOCE AL FUNDADOR<\/h3>\t\t\t\t<\/div>\n\t\t\t\t<\/div>\n\t\t\t\t<div class=\"elementor-element elementor-element-7d57b7a elementor-widget elementor-widget-text-editor\" data-id=\"7d57b7a\" data-element_type=\"widget\" data-widget_type=\"text-editor.default\">\n\t\t\t\t<div class=\"elementor-widget-container\">\n\t\t\t\t\t\t\t\t\t<p><span class=\"notion-enable-hover\" data-token-index=\"0\">\u00bfSientes que tu estilo de vida te desconecta de tu cuerpo?<\/span><!-- notionvc: 068789b7-5554-49ed-ab9e-f64c86402c4c --><\/p><p>Hola, soy Shanti, el fundador de Nomad Movement. D\u00e9jame contarte el camino que me trajo hasta aqu\u00ed y que define nuestra misi\u00f3n.<\/p><p>Todo comenz\u00f3 en un lugar que muchos reconocen: crec\u00ed con un estilo de vida sedentario que me hac\u00eda sentir desconectado de mi cuerpo y de mi verdadero potencial. A los 18 a\u00f1os, decid\u00ed que era momento de cambiar, no solo c\u00f3mo me ve\u00eda, sino c\u00f3mo me sent\u00eda y viv\u00eda mi vida.<\/p><p>Empec\u00e9 con entrenamientos en casa que ve\u00eda en YouTube, siguiendo los ejercicios sin tener mucha idea de lo que hac\u00eda. Pero, en pocas semanas, not\u00e9 no solo cambios f\u00edsicos, sino tambi\u00e9n un aumento en mi confianza y estado de \u00e1nimo al ser m\u00e1s activo.<\/p><p>Este cambio encendi\u00f3 mi pasi\u00f3n por el deporte, y decid\u00ed informarme sobre la ciencia del ejercicio y la programaci\u00f3n de entrenamientos. Con el tiempo, me certifiqu\u00e9 y experiment\u00e9 con distintos estilos de entrenamiento, desde hipertrofia y powerlifting hasta calistenia y enfoques m\u00e1s h\u00edbridos.<\/p><p><!-- notionvc: a12bc237-621d-4ae3-84b7-fae0e99a5d65 --><\/p>\t\t\t\t\t\t\t\t<\/div>\n\t\t\t\t<\/div>\n\t\t\t\t<\/div>\n\t\t\t\t<\/div>\n\t\t\t\t<\/div>\n\t\t<div class=\"elementor-element elementor-element-5ea0f02 e-con-full e-flex e-con e-parent\" data-id=\"5ea0f02\" data-element_type=\"container\" data-settings=\"{&quot;background_background&quot;:&quot;classic&quot;}\">\n\t\t\t\t<div class=\"elementor-element elementor-element-7af0aae elementor-widget elementor-widget-heading\" data-id=\"7af0aae\" data-element_type=\"widget\" data-widget_type=\"heading.default\">\n\t\t\t\t<div class=\"elementor-widget-container\">\n\t\t\t\t\t<h1 class=\"elementor-heading-title elementor-size-default\">EL ORIGEN DE NOMAD MOVEMENT<\/h1>\t\t\t\t<\/div>\n\t\t\t\t<\/div>\n\t\t<div class=\"elementor-element elementor-element-432e6cd e-con-full e-flex e-con e-child\" data-id=\"432e6cd\" data-element_type=\"container\">\n\t\t\t\t<div class=\"elementor-element elementor-element-8631955 elementor-widget elementor-widget-text-editor\" data-id=\"8631955\" data-element_type=\"widget\" data-widget_type=\"text-editor.default\">\n\t\t\t\t<div class=\"elementor-widget-container\">\n\t\t\t\t\t\t\t\t\t<p>Nomad Movement es el reflejo de todas estas experiencias, nace con la idea de hacer que el entrenamiento sea accesible, personalizado y transformador. Se trata de liberarse de un estilo de vida sedentario y adoptar el movimiento como un pilar fundamental de la vida diaria, no como una obligaci\u00f3n m\u00e1s.<\/p><p>La mayor lecci\u00f3n que he aprendido, tanto a nivel personal como entrenando a otras personas, es el poder indiscutible de la constancia. Nuestra misi\u00f3n es ayudarte a construir h\u00e1bitos duraderos y a disfrutar del movimiento. Juntos, crearemos una rutina que se adapte a tus objetivos, a tu tiempo y a tus circunstancias, generando un cambio sostenible.<\/p><p><!-- notionvc: 63119f65-6240-4009-ad9b-9fd320cc0ce8 --><\/p><p><strong><span class=\"notion-enable-hover\" data-token-index=\"0\">\u00bfEst\u00e1s listo para dar el primer paso?<\/span><\/strong><!-- notionvc: f61ed75a-44af-469e-9702-21bbc1a0b253 --><\/p>\t\t\t\t\t\t\t\t<\/div>\n\t\t\t\t<\/div>\n\t\t\t\t<\/div>\n\t\t<div class=\"elementor-element elementor-element-8818f53 e-con-full e-flex e-con e-child\" data-id=\"8818f53\" data-element_type=\"container\" data-settings=\"{&quot;position&quot;:&quot;absolute&quot;,&quot;motion_fx_motion_fx_scrolling&quot;:&quot;yes&quot;,&quot;motion_fx_rotateZ_effect&quot;:&quot;yes&quot;,&quot;motion_fx_rotateZ_speed&quot;:{&quot;unit&quot;:&quot;px&quot;,&quot;size&quot;:1.9,&quot;sizes&quot;:[]},&quot;motion_fx_rotateZ_affectedRange&quot;:{&quot;unit&quot;:&quot;%&quot;,&quot;size&quot;:&quot;&quot;,&quot;sizes&quot;:{&quot;start&quot;:17,&quot;end&quot;:100}},&quot;motion_fx_devices&quot;:[&quot;desktop&quot;,&quot;tablet&quot;,&quot;mobile&quot;]}\">\n\t\t\t\t<div class=\"elementor-element elementor-element-a310b1f elementor-widget elementor-widget-image\" data-id=\"a310b1f\" data-element_type=\"widget\" data-widget_type=\"image.default\">\n\t\t\t\t<div class=\"elementor-widget-container\">\n\t\t\t\t\t\t\t\t\t\t\t\t\t\t\t<img decoding=\"async\" width=\"406\" height=\"402\" src=\"https:\/\/nomad-movement.com\/wp-content\/uploads\/2025\/01\/text-cr.svg\" class=\"attachment-large size-large wp-image-335\" alt=\"\" \/>\t\t\t\t\t\t\t\t\t\t\t\t\t\t\t<\/div>\n\t\t\t\t<\/div>\n\t\t\t\t<\/div>\n\t\t\t\t<\/div>\n\t\t<div class=\"elementor-element elementor-element-14415a2 e-con-full e-flex e-con e-parent\" data-id=\"14415a2\" data-element_type=\"container\" data-settings=\"{&quot;background_background&quot;:&quot;classic&quot;}\">\n\t\t<div class=\"elementor-element elementor-element-3322e14 e-con-full e-flex e-con e-child\" data-id=\"3322e14\" data-element_type=\"container\">\n\t\t\t\t<div class=\"elementor-element elementor-element-ad22f43 elementor-widget elementor-widget-video\" data-id=\"ad22f43\" data-element_type=\"widget\" data-settings=\"{&quot;youtube_url&quot;:&quot;https:\\\/\\\/www.youtube.com\\\/watch?v=Og5q2IGXO5c&quot;,&quot;video_type&quot;:&quot;youtube&quot;,&quot;controls&quot;:&quot;yes&quot;}\" data-widget_type=\"video.default\">\n\t\t\t\t<div class=\"elementor-widget-container\">\n\t\t\t\t\t\t\t<div class=\"elementor-wrapper elementor-open-inline\">\n\t\t\t<div class=\"elementor-video\"><\/div>\t\t<\/div>\n\t\t\t\t\t\t<\/div>\n\t\t\t\t<\/div>\n\t\t\t\t<\/div>\n\t\t<div class=\"elementor-element elementor-element-9258e9a e-con-full e-flex e-con e-child\" data-id=\"9258e9a\" data-element_type=\"container\">\n\t\t\t\t<div class=\"elementor-element elementor-element-ce825d5 elementor-widget elementor-widget-heading\" data-id=\"ce825d5\" data-element_type=\"widget\" data-widget_type=\"heading.default\">\n\t\t\t\t<div class=\"elementor-widget-container\">\n\t\t\t\t\t<h2 class=\"elementor-heading-title elementor-size-default\">Estoy aqu\u00ed para ayudarte a dar ese primer paso hacia un cambio sostenible y convertir el deporte en un estilo de vida.<\/h2>\t\t\t\t<\/div>\n\t\t\t\t<\/div>\n\t\t\t\t<div class=\"elementor-element elementor-element-1eb837f elementor-widget elementor-widget-button\" data-id=\"1eb837f\" data-element_type=\"widget\" data-widget_type=\"button.default\">\n\t\t\t\t<div class=\"elementor-widget-container\">\n\t\t\t\t\t\t\t\t\t<div class=\"elementor-button-wrapper\">\n\t\t\t\t\t<a class=\"elementor-button elementor-button-link elementor-size-sm\" href=\"https:\/\/nomad-movement.com\/es\/online-coaching\/\">\n\t\t\t\t\t\t<span class=\"elementor-button-content-wrapper\">\n\t\t\t\t\t\t\t\t\t<span class=\"elementor-button-text\">\u00a1COMENCEMOS HOY!<\/span>\n\t\t\t\t\t<\/span>\n\t\t\t\t\t<\/a>\n\t\t\t\t<\/div>\n\t\t\t\t\t\t\t\t<\/div>\n\t\t\t\t<\/div>\n\t\t\t\t<\/div>\n\t\t\t\t<\/div>\n\t\t\t\t<\/div>","protected":false},"excerpt":{"rendered":"<p>MEET THE FOUNDER Does your lifestyle make you feel disconnected from your body? Hi, I am Shanti, the founder of Nomad Movement. Let me share the journey that led me here and that drives our mission. It all began from a place many find familiar &#8211; I grew up living a sedentary lifestyle, which left [&hellip;]<\/p>","protected":false},"author":1,"featured_media":0,"parent":0,"menu_order":0,"comment_status":"closed","ping_status":"closed","template":"","meta":{"_acf_changed":false,"footnotes":""},"class_list":["post-40","page","type-page","status-publish","hentry"],"acf":[],"_links":{"self":[{"href":"https:\/\/nomad-movement.com\/es\/wp-json\/wp\/v2\/pages\/40","targetHints":{"allow":["GET"]}}],"collection":[{"href":"https:\/\/nomad-movement.com\/es\/wp-json\/wp\/v2\/pages"}],"about":[{"href":"https:\/\/nomad-movement.com\/es\/wp-json\/wp\/v2\/types\/page"}],"author":[{"embeddable":true,"href":"https:\/\/nomad-movement.com\/es\/wp-json\/wp\/v2\/users\/1"}],"replies":[{"embeddable":true,"href":"https:\/\/nomad-movement.com\/es\/wp-json\/wp\/v2\/comments?post=40"}],"version-history":[{"count":145,"href":"https:\/\/nomad-movement.com\/es\/wp-json\/wp\/v2\/pages\/40\/revisions"}],"predecessor-version":[{"id":1153,"href":"https:\/\/nomad-movement.com\/es\/wp-json\/wp\/v2\/pages\/40\/revisions\/1153"}],"wp:attachment":[{"href":"https:\/\/nomad-movement.com\/es\/wp-json\/wp\/v2\/media?parent=40"}],"curies":[{"name":"wp","href":"https:\/\/api.w.org\/{rel}","templated":true}]}}