{"id":1154,"date":"2025-03-03T15:16:46","date_gmt":"2025-03-03T15:16:46","guid":{"rendered":"https:\/\/nomad-movement.com\/?page_id=1154"},"modified":"2025-03-09T17:45:17","modified_gmt":"2025-03-09T17:45:17","slug":"privacy-and-cookies-policy","status":"publish","type":"page","link":"https:\/\/nomad-movement.com\/es\/privacy-and-cookies-policy\/","title":{"rendered":"Pol\u00edtica de Privacidad y Cookies"},"content":{"rendered":"<div data-elementor-type=\"wp-page\" data-elementor-id=\"1154\" class=\"elementor elementor-1154\" data-elementor-post-type=\"page\">\n\t\t\t\t<div class=\"elementor-element elementor-element-182b4854 e-con-full e-flex e-con e-parent\" data-id=\"182b4854\" data-element_type=\"container\" data-settings=\"{&quot;background_background&quot;:&quot;classic&quot;}\">\n\t\t<div class=\"elementor-element elementor-element-616f1713 e-con-full e-flex e-con e-child\" data-id=\"616f1713\" data-element_type=\"container\">\n\t\t\t\t<div class=\"elementor-element elementor-element-24337a59 elementor-widget elementor-widget-heading\" data-id=\"24337a59\" data-element_type=\"widget\" data-widget_type=\"heading.default\">\n\t\t\t\t<div class=\"elementor-widget-container\">\n\t\t\t\t\t<h3 class=\"elementor-heading-title elementor-size-default\">Pol\u00edtica de Privacidad y Cookies<\/h3>\t\t\t\t<\/div>\n\t\t\t\t<\/div>\n\t\t\t\t<div class=\"elementor-element elementor-element-8d2cbb9 elementor-widget elementor-widget-text-editor\" data-id=\"8d2cbb9\" data-element_type=\"widget\" data-widget_type=\"text-editor.default\">\n\t\t\t\t<div class=\"elementor-widget-container\">\n\t\t\t\t\t\t\t\t\t<p data-start=\"139\" data-end=\"165\"><strong data-start=\"139\" data-end=\"156\">\u00daltima actualizaci\u00f3n:<\/strong> Marzo 3, 2025<\/p>\n<h4 data-start=\"167\" data-end=\"198\"><strong data-start=\"170\" data-end=\"196\">1. Informaci\u00f3n General<\/strong><\/h4>\n<p data-start=\"199\" data-end=\"472\">At <strong data-start=\"202\" data-end=\"220\">Nomad Movement<\/strong> (en adelante, \"el Sitio Web\"), nos preocupamos por la privacidad de nuestros usuarios y garantizamos la protecci\u00f3n de sus datos personales de acuerdo con el <strong data-start=\"352\" data-end=\"387\">Reglamento (UE) 2016\/679 (RGPD)<\/strong> y <strong data-start=\"392\" data-end=\"469\">la Ley Org\u00e1nica 3\/2018 de Protecci\u00f3n de Datos Personales y garant\u00eda de los derechos digitales.<\/strong>.<\/p>\n<p data-start=\"474\" data-end=\"545\">Al utilizar nuestro sitio web, aceptas esta <strong data-start=\"512\" data-end=\"542\">Pol\u00edtica de Privacidad y Cookies<\/strong>.<\/p>\n<h4 data-start=\"547\" data-end=\"574\"><strong data-start=\"550\" data-end=\"572\">2. Responsable del Tratamiento<\/strong><\/h4>\n<ul data-start=\"575\" data-end=\"696\">\n<li data-start=\"575\" data-end=\"609\"><strong data-start=\"577\" data-end=\"592\">Responsable:<\/strong> Nomad Movement<\/li>\n<li data-start=\"610\" data-end=\"655\"><strong data-start=\"612\" data-end=\"622\">Email:<\/strong> [<a rel=\"noopener\">info@nomad-movement.com<\/a>]<\/li>\n<li data-start=\"656\" data-end=\"696\"><strong data-start=\"658\" data-end=\"670\">Direcci\u00f3n:<\/strong> [Your Physical Address]<\/li>\n<\/ul>\n<h4 data-start=\"698\" data-end=\"736\"><strong data-start=\"701\" data-end=\"734\">3. Datos Recopilados y Finalidad<\/strong><\/h4>\n<p data-start=\"737\" data-end=\"836\">Recopilamos datos personales a trav\u00e9s de formularios de contacto, suscripci\u00f3n a newsletters y navegaci\u00f3n web.<\/p>\n<p data-start=\"838\" data-end=\"881\">Los datos que podemos solicitar incluyen:<\/p>\n<ul data-start=\"882\" data-end=\"970\">\n<li data-start=\"882\" data-end=\"895\">Nombre y apellidos<\/li>\n<li data-start=\"896\" data-end=\"913\">Correo electr\u00f3nico<\/li>\n<li data-start=\"914\" data-end=\"937\">Informaci\u00f3n de contacto<\/li>\n<li data-start=\"938\" data-end=\"970\">Direcci\u00f3n IP y datos de navegaci\u00f3n<\/li>\n<\/ul>\n<h5 data-start=\"972\" data-end=\"1005\"><strong data-start=\"972\" data-end=\"1003\"><br>Finalidad del tratamiento:<\/strong><\/h5>\n<ul data-start=\"1006\" data-end=\"1157\">\n<li data-start=\"1006\" data-end=\"1053\">Gestionar consultas y solicitudes de informaci\u00f3n<\/li>\n<li data-start=\"1054\" data-end=\"1112\">Enviar comunicaciones comerciales (previo consentimiento)<\/li>\n<li data-start=\"1113\" data-end=\"1157\">Mejorar la experiencia del usuario en el sitio web<\/li>\n<\/ul>\n<h4 data-start=\"1159\" data-end=\"1182\"><strong data-start=\"1162\" data-end=\"1180\">4. Derechos del Usuario<\/strong><\/h4>\n<p data-start=\"1183\" data-end=\"1207\">Tienes derecho a:<\/p>\n<ul data-start=\"1208\" data-end=\"1370\">\n<li data-start=\"1208\" data-end=\"1248\">Acceder, rectificar o suprimir tus datos<\/li>\n<li data-start=\"1249\" data-end=\"1289\">Limitar u oponerte a su tratamiento<\/li>\n<li data-start=\"1290\" data-end=\"1332\">Portar tus datos a otro proveedor<\/li>\n<li data-start=\"1333\" data-end=\"1370\">Retirar tu consentimiento en cualquier momento<\/li>\n<\/ul>\n<p data-start=\"1372\" data-end=\"1491\">Para ejercer estos derechos, env\u00eda un correo a <strong data-start=\"1415\" data-end=\"1449\">[&nbsp;<a rel=\"noopener\">info@nomad-movement.com&nbsp;<\/a>]<\/strong> con el asunto <strong data-start=\"1467\" data-end=\"1488\">\"Protecci\u00f3n de Datos\".<\/strong>.<\/p>\n<h4 data-start=\"1493\" data-end=\"1519\"><strong data-start=\"1496\" data-end=\"1517\">5. Uso de Cookies<\/strong><\/h4>\n<p data-start=\"1520\" data-end=\"1582\">El Sitio Web utiliza cookies para mejorar la experiencia de navegaci\u00f3n.<\/p>\n<h5 data-start=\"1584\" data-end=\"1611\"><strong data-start=\"1588\" data-end=\"1609\">\u00bfQu\u00e9 son las cookies?<\/strong><\/h5>\n<p data-start=\"1612\" data-end=\"1713\">Son peque\u00f1os archivos de texto que se almacenan en tu dispositivo para recordar informaci\u00f3n sobre tu visita.<\/p>\n<h5 data-start=\"1715\" data-end=\"1748\"><strong data-start=\"1719\" data-end=\"1746\">Tipos de Cookies que usamos<\/strong><\/h5>\n<ol data-start=\"1749\" data-end=\"1973\">\n<li data-start=\"1749\" data-end=\"1824\"><strong data-start=\"1752\" data-end=\"1774\">Cookies esenciales:<\/strong> Necesarias para el funcionamiento del sitio.<\/li>\n<li data-start=\"1825\" data-end=\"1909\"><strong data-start=\"1828\" data-end=\"1851\">Cookies de an\u00e1lisis:<\/strong> Nos ayudan a entender c\u00f3mo los usuarios interact\u00faan con el sitio web.<\/li>\n<li data-start=\"1910\" data-end=\"1973\"><strong data-start=\"1913\" data-end=\"1937\">Cookies de publicidad:<\/strong> Utilizadas para mostrar anuncios personalizados.<\/li>\n<\/ol>\n<h5 data-start=\"1975\" data-end=\"2001\"><strong data-start=\"1979\" data-end=\"1999\">Gesti\u00f3n de Cookies<\/strong><\/h5>\n<p data-start=\"2002\" data-end=\"2101\">Puedes aceptar, rechazar o configurar las cookies a trav\u00e9s del <strong data-start=\"2055\" data-end=\"2073\">banner de consentimiento<\/strong> o en la configuraci\u00f3n de tu navegador.<\/p>\n<p data-start=\"2103\" data-end=\"2153\">Para m\u00e1s informaci\u00f3n sobre c\u00f3mo gestionar cookies, visita:<\/p>\n<ul data-start=\"2154\" data-end=\"2479\">\n<li data-start=\"2154\" data-end=\"2227\"><a target=\"_new\" rel=\"noopener\" data-start=\"2156\" data-end=\"2225\">Google Chrome<\/a><\/li>\n<li data-start=\"2228\" data-end=\"2323\"><a href=\"https:\/\/support.mozilla.org\/en-US\/kb\/clear-cookies-and-site-data-firefox\" target=\"_new\" rel=\"noopener\" data-start=\"2230\" data-end=\"2321\">Mozilla Firefox<\/a><\/li>\n<li data-start=\"2324\" data-end=\"2378\"><a href=\"https:\/\/support.apple.com\/en-us\/HT201265\" target=\"_new\" rel=\"noopener\" data-start=\"2326\" data-end=\"2376\">Safari<\/a><\/li>\n<li data-start=\"2379\" data-end=\"2479\"><a href=\"https:\/\/support.microsoft.com\/en-us\/help\/4027947\/microsoft-edge-delete-cookies\" target=\"_new\" rel=\"noopener\" data-start=\"2381\" data-end=\"2477\">Microsoft Edge<\/a><\/li>\n<\/ul>\n<h4 data-start=\"2481\" data-end=\"2518\"><strong data-start=\"2484\" data-end=\"2516\">6. Seguridad y Almacenamiento de Datos<\/strong><\/h4>\n<p data-start=\"2519\" data-end=\"2681\">Adoptamos medidas de seguridad para proteger tus datos. No compartimos informaci\u00f3n personal con terceros sin tu consentimiento, salvo obligaci\u00f3n legal.<\/p>\n<h4 data-start=\"2683\" data-end=\"2709\"><strong data-start=\"2686\" data-end=\"2707\">7. Modificaciones de la Pol\u00edtica<\/strong><\/h4>\n<p data-start=\"2710\" data-end=\"2790\">Podemos actualizar esta pol\u00edtica en cualquier momento. Te recomendamos revisarla peri\u00f3dicamente.<\/p>\n<p data-start=\"2792\" data-end=\"2880\">Para cualquier consulta sobre esta pol\u00edtica, cont\u00e1ctanos en <strong data-start=\"2843\" data-end=\"2877\">[<a rel=\"noopener\">info@nomad-movement.com<\/a>]<\/strong>.<\/p>\t\t\t\t\t\t\t\t<\/div>\n\t\t\t\t<\/div>\n\t\t\t\t<\/div>\n\t\t\t\t<\/div>\n\t\t\t\t<\/div>","protected":false},"excerpt":{"rendered":"<p>Privacy and Cookies Policy Last updated: March 3, 2025 1. General Information At Nomad Movement (hereinafter, &#8220;the Website&#8221;), we care about our users&#8217; privacy and ensure the protection of their personal data in accordance with Regulation (EU) 2016\/679 (GDPR) and Spain\u2019s Organic Law 3\/2018 on Personal Data Protection and Digital Rights. By using our website, [&hellip;]<\/p>","protected":false},"author":1,"featured_media":0,"parent":0,"menu_order":0,"comment_status":"closed","ping_status":"closed","template":"","meta":{"_acf_changed":false,"footnotes":""},"class_list":["post-1154","page","type-page","status-publish","hentry"],"acf":[],"_links":{"self":[{"href":"https:\/\/nomad-movement.com\/es\/wp-json\/wp\/v2\/pages\/1154","targetHints":{"allow":["GET"]}}],"collection":[{"href":"https:\/\/nomad-movement.com\/es\/wp-json\/wp\/v2\/pages"}],"about":[{"href":"https:\/\/nomad-movement.com\/es\/wp-json\/wp\/v2\/types\/page"}],"author":[{"embeddable":true,"href":"https:\/\/nomad-movement.com\/es\/wp-json\/wp\/v2\/users\/1"}],"replies":[{"embeddable":true,"href":"https:\/\/nomad-movement.com\/es\/wp-json\/wp\/v2\/comments?post=1154"}],"version-history":[{"count":25,"href":"https:\/\/nomad-movement.com\/es\/wp-json\/wp\/v2\/pages\/1154\/revisions"}],"predecessor-version":[{"id":1186,"href":"https:\/\/nomad-movement.com\/es\/wp-json\/wp\/v2\/pages\/1154\/revisions\/1186"}],"wp:attachment":[{"href":"https:\/\/nomad-movement.com\/es\/wp-json\/wp\/v2\/media?parent=1154"}],"curies":[{"name":"wp","href":"https:\/\/api.w.org\/{rel}","templated":true}]}}